{"id":287,"date":"2021-06-15T10:48:39","date_gmt":"2021-06-15T08:48:39","guid":{"rendered":"http:\/\/wp.euroliaortho.com\/?page_id=287"},"modified":"2021-11-08T11:51:12","modified_gmt":"2021-11-08T10:51:12","slug":"brackets-autoligaturants-eureka","status":"publish","type":"page","link":"https:\/\/wp.euroliaortho.com\/index.php\/brackets-autoligaturants-eureka\/","title":{"rendered":"Brackets autoligaturants EUREKA\u2122"},"content":{"rendered":"\n<div class=\"wp-block-image\"><figure class=\"aligncenter size-large is-resized\"><img loading=\"lazy\" decoding=\"async\" src=\"http:\/\/wp.euroliaortho.com\/wp-content\/uploads\/2021\/05\/ERKDC_illustration-1-e1626792355612.jpg\" alt=\"\" class=\"wp-image-182\" width=\"416\" height=\"291\"\/><\/figure><\/div>\n\n\n\n<p><strong>L&rsquo;excellence des traitements auto-ligaturants esth\u00e9tiques<\/strong><br>Le bracket EUREKA D CLEAR\u2122 est le 1er bracket permettant la r\u00e9alisation de traitements auto-ligaturants efficients tout en \u00e9tant parfaitement esth\u00e9tiques.<br>Il est con\u00e7u avec une nouvelle technologie nano-c\u00e9ramique pure \u00e0 99,99%, issue de la R&amp;D d&rsquo;instituts de r\u00e9f\u00e9rence dans l&rsquo;ing\u00e9nierie et les technologies c\u00e9ramiques, qui lui procure des propri\u00e9t\u00e9s m\u00e9caniques et esth\u00e9tiques exceptionnelles, particuli\u00e8rement adapt\u00e9es \u00e0 la pratique de l&rsquo;orthodontie moderne.<\/p>\n\n\n\n<hr class=\"wp-block-separator\"\/>\n\n\n\n<div class=\"wp-block-image\"><figure class=\"aligncenter size-large is-resized\"><img decoding=\"async\" src=\"http:\/\/wp.euroliaortho.com\/wp-content\/uploads\/2021\/05\/ERKD-vue-face-1024x885.png\" alt=\"\" class=\"wp-image-166\" width=\"200\"\/><\/figure><\/div>\n\n\n\n<div class=\"wp-block-image\"><figure class=\"aligncenter size-large is-resized\"><img loading=\"lazy\" decoding=\"async\" src=\"http:\/\/wp.euroliaortho.com\/wp-content\/uploads\/2021\/07\/Eureka_D-e1626793266751.png\" alt=\"\" class=\"wp-image-415\" width=\"211\" height=\"36\"\/><\/figure><\/div>\n\n\n\n<p>Les nouveaux brackets EUREKA D\u2122 vous permettent de r\u00e9aliser des traitements auto-ligaturants passifs, basse friction, tout en conservant une excellente pr\u00e9cision dans les finitions.<\/p>\n\n\n\n<figure class=\"wp-block-video\"><video controls src=\"http:\/\/wp.euroliaortho.com\/wp-content\/uploads\/2021\/11\/ERKD.mp4\"><\/video><\/figure>\n\n\n\n\n\n<p><\/p>\n","protected":false},"excerpt":{"rendered":"","protected":false},"author":1,"featured_media":0,"parent":0,"menu_order":0,"comment_status":"closed","ping_status":"closed","template":"","meta":{"_uf_show_specific_survey":0,"_uf_disable_surveys":false,"footnotes":""},"class_list":["post-287","page","type-page","status-publish","hentry"],"aioseo_notices":[],"_links":{"self":[{"href":"https:\/\/wp.euroliaortho.com\/index.php\/wp-json\/wp\/v2\/pages\/287","targetHints":{"allow":["GET"]}}],"collection":[{"href":"https:\/\/wp.euroliaortho.com\/index.php\/wp-json\/wp\/v2\/pages"}],"about":[{"href":"https:\/\/wp.euroliaortho.com\/index.php\/wp-json\/wp\/v2\/types\/page"}],"author":[{"embeddable":true,"href":"https:\/\/wp.euroliaortho.com\/index.php\/wp-json\/wp\/v2\/users\/1"}],"replies":[{"embeddable":true,"href":"https:\/\/wp.euroliaortho.com\/index.php\/wp-json\/wp\/v2\/comments?post=287"}],"version-history":[{"count":15,"href":"https:\/\/wp.euroliaortho.com\/index.php\/wp-json\/wp\/v2\/pages\/287\/revisions"}],"predecessor-version":[{"id":702,"href":"https:\/\/wp.euroliaortho.com\/index.php\/wp-json\/wp\/v2\/pages\/287\/revisions\/702"}],"wp:attachment":[{"href":"https:\/\/wp.euroliaortho.com\/index.php\/wp-json\/wp\/v2\/media?parent=287"}],"curies":[{"name":"wp","href":"https:\/\/api.w.org\/{rel}","templated":true}]}}