{"id":212,"date":"2021-06-15T10:32:54","date_gmt":"2021-06-15T08:32:54","guid":{"rendered":"http:\/\/wp.euroliaortho.com\/?page_id=212"},"modified":"2022-05-23T16:06:32","modified_gmt":"2022-05-23T14:06:32","slug":"travailler-chez-eurolia-orthodontics","status":"publish","type":"page","link":"https:\/\/wp.euroliaortho.com\/index.php\/travailler-chez-eurolia-orthodontics\/","title":{"rendered":"Travailler chez Eurolia Orthodontics"},"content":{"rendered":"\n<div class=\"wp-block-columns is-layout-flex wp-container-core-columns-is-layout-9d6595d7 wp-block-columns-is-layout-flex\">\n<div class=\"wp-block-column is-layout-flow wp-block-column-is-layout-flow\">\n<h2 class=\"wp-block-heading\">Postes ouverts<\/h2>\n\n\n\n<p><strong>Conseiller(\u00e8re) praticiens r\u00e9gional(e) ODF (H\/F)<\/strong><\/p>\n\n\n\n<div class=\"wp-block-file\"><a href=\"http:\/\/wp.euroliaortho.com\/wp-content\/uploads\/2022\/05\/EUR-900-OF-001-conseiller_praticiens_France-2.pdf\" target=\"_blank\" rel=\"noreferrer noopener\">EUR-900-OF-001-conseiller_praticiens_France-2<\/a><a href=\"http:\/\/wp.euroliaortho.com\/wp-content\/uploads\/2022\/05\/EUR-900-OF-001-conseiller_praticiens_France-2.pdf\" class=\"wp-block-file__button\" download>T\u00e9l\u00e9charger<\/a><\/div>\n\n\n\n<p>Pour conna\u00eetre tous les postes ouverts et postuler, contactez-nous au +33 (0)5.82.95.55.30<\/p>\n<\/div>\n\n\n\n<div class=\"wp-block-column is-layout-flow wp-block-column-is-layout-flow\">\n<figure class=\"wp-block-image size-large is-resized\"><img loading=\"lazy\" decoding=\"async\" src=\"http:\/\/wp.euroliaortho.com\/wp-content\/uploads\/2021\/09\/postuler.jpg\" alt=\"\" class=\"wp-image-655\" width=\"393\" height=\"262\" srcset=\"https:\/\/wp.euroliaortho.com\/wp-content\/uploads\/2021\/09\/postuler.jpg 612w, https:\/\/wp.euroliaortho.com\/wp-content\/uploads\/2021\/09\/postuler-300x200.jpg 300w\" sizes=\"auto, (max-width: 393px) 100vw, 393px\" \/><\/figure>\n<\/div>\n<\/div>\n\n\n\n<div class=\"wp-block-columns is-layout-flex wp-container-core-columns-is-layout-9d6595d7 wp-block-columns-is-layout-flex\">\n<div class=\"wp-block-column is-layout-flow wp-block-column-is-layout-flow\">\n<figure class=\"wp-block-image size-large is-resized\"><img loading=\"lazy\" decoding=\"async\" src=\"http:\/\/wp.euroliaortho.com\/wp-content\/uploads\/2021\/09\/candidature.jpg\" alt=\"\" class=\"wp-image-658\" width=\"394\" height=\"262\" srcset=\"https:\/\/wp.euroliaortho.com\/wp-content\/uploads\/2021\/09\/candidature.jpg 612w, https:\/\/wp.euroliaortho.com\/wp-content\/uploads\/2021\/09\/candidature-300x200.jpg 300w\" sizes=\"auto, (max-width: 394px) 100vw, 394px\" \/><\/figure>\n<\/div>\n\n\n\n<div class=\"wp-block-column is-layout-flow wp-block-column-is-layout-flow\">\n<h2 class=\"wp-block-heading\">Candidature spontan\u00e9e<\/h2>\n\n\n\n<p>Vous souhaitez collaborer avec nous et proposer votre candidature spontan\u00e9e ?<\/p>\n\n\n\n<p><a href=\"http:\/\/wp.euroliaortho.com\/index.php\/contactez-nous\/\" data-type=\"page\" data-id=\"138\">Cliquez ici<\/a><\/p>\n<\/div>\n<\/div>\n","protected":false},"excerpt":{"rendered":"<p>Postes ouverts Conseiller(\u00e8re) praticiens r\u00e9gional(e) ODF (H\/F) Pour conna\u00eetre tous les postes ouverts et postuler, contactez-nous au +33 (0)5.82.95.55.30 Candidature spontan\u00e9e Vous souhaitez collaborer avec nous et proposer votre candidature spontan\u00e9e ? Cliquez ici<\/p>\n","protected":false},"author":1,"featured_media":0,"parent":0,"menu_order":0,"comment_status":"closed","ping_status":"closed","template":"","meta":{"_uf_show_specific_survey":0,"_uf_disable_surveys":false,"footnotes":""},"class_list":["post-212","page","type-page","status-publish","hentry"],"aioseo_notices":[],"_links":{"self":[{"href":"https:\/\/wp.euroliaortho.com\/index.php\/wp-json\/wp\/v2\/pages\/212","targetHints":{"allow":["GET"]}}],"collection":[{"href":"https:\/\/wp.euroliaortho.com\/index.php\/wp-json\/wp\/v2\/pages"}],"about":[{"href":"https:\/\/wp.euroliaortho.com\/index.php\/wp-json\/wp\/v2\/types\/page"}],"author":[{"embeddable":true,"href":"https:\/\/wp.euroliaortho.com\/index.php\/wp-json\/wp\/v2\/users\/1"}],"replies":[{"embeddable":true,"href":"https:\/\/wp.euroliaortho.com\/index.php\/wp-json\/wp\/v2\/comments?post=212"}],"version-history":[{"count":11,"href":"https:\/\/wp.euroliaortho.com\/index.php\/wp-json\/wp\/v2\/pages\/212\/revisions"}],"predecessor-version":[{"id":734,"href":"https:\/\/wp.euroliaortho.com\/index.php\/wp-json\/wp\/v2\/pages\/212\/revisions\/734"}],"wp:attachment":[{"href":"https:\/\/wp.euroliaortho.com\/index.php\/wp-json\/wp\/v2\/media?parent=212"}],"curies":[{"name":"wp","href":"https:\/\/api.w.org\/{rel}","templated":true}]}}