{"id":211,"date":"2021-06-15T10:32:54","date_gmt":"2021-06-15T08:32:54","guid":{"rendered":"http:\/\/wp.euroliaortho.com\/?page_id=211"},"modified":"2021-09-17T17:29:32","modified_gmt":"2021-09-17T15:29:32","slug":"responsabilite-et-valeurs-de-lentreprise","status":"publish","type":"page","link":"https:\/\/wp.euroliaortho.com\/index.php\/responsabilite-et-valeurs-de-lentreprise\/","title":{"rendered":"Responsabilit\u00e9 et valeurs de l&rsquo;entreprise"},"content":{"rendered":"\n<h2 class=\"wp-block-heading\"><span class=\"has-inline-color has-black-color\"><em>Donnons le sourire \u00e0 vos patients<\/em><\/span><br><br><\/h2>\n\n\n\n<p><\/p>\n\n\n\n<div class=\"wp-block-columns is-layout-flex wp-container-core-columns-is-layout-9d6595d7 wp-block-columns-is-layout-flex\">\n<div class=\"wp-block-column is-layout-flow wp-block-column-is-layout-flow\">\n<h2 class=\"wp-block-heading\">Nos valeurs<\/h2>\n\n\n\n<h4 class=\"wp-block-heading\">\u00c9thique<\/h4>\n\n\n\n<p>L&rsquo;ensemble des actions de l&rsquo;entreprise sont pilot\u00e9es par la d\u00e9ontologie que nous appliquons dans notre m\u00e9tier, pour la conception et la fabrication de nos produits, pour nos relations avec les membres de l&rsquo;entreprise et nos clients, ainsi que pour notre responsabilit\u00e9 environnementale.<\/p>\n\n\n\n<h4 class=\"wp-block-heading\">\u00c9galit\u00e9<\/h4>\n\n\n\n<p>L&rsquo;\u00e9galit\u00e9 est un de nos principes fondateurs. Chaque client a les m\u00eames avantages et le m\u00eame service. Chaque membre de l&rsquo;entreprise a les m\u00eames droits afin qu&rsquo;il puisse s&rsquo;y \u00e9panouir pleinement.<\/p>\n\n\n\n<h4 class=\"wp-block-heading\">Qualit\u00e9<\/h4>\n\n\n\n<p>De part l&rsquo;histoire et l&rsquo;exp\u00e9rience des membres cr\u00e9ateurs de la marque, la qualit\u00e9 et l&rsquo;assurance qualit\u00e9, au sens industriel du terme, sont une pierre angulaire de la conception de notre ligne de produits.<\/p>\n<\/div>\n\n\n\n<div class=\"wp-block-column is-layout-flow wp-block-column-is-layout-flow\">\n<figure class=\"wp-block-image size-large is-resized\"><img loading=\"lazy\" decoding=\"async\" src=\"http:\/\/wp.euroliaortho.com\/wp-content\/uploads\/2021\/08\/values.jpg\" alt=\"\" class=\"wp-image-567\" width=\"420\" height=\"280\" srcset=\"https:\/\/wp.euroliaortho.com\/wp-content\/uploads\/2021\/08\/values.jpg 612w, https:\/\/wp.euroliaortho.com\/wp-content\/uploads\/2021\/08\/values-300x200.jpg 300w\" sizes=\"auto, (max-width: 420px) 100vw, 420px\" \/><\/figure>\n<\/div>\n<\/div>\n\n\n\n<div class=\"wp-block-columns is-layout-flex wp-container-core-columns-is-layout-9d6595d7 wp-block-columns-is-layout-flex\">\n<div class=\"wp-block-column is-layout-flow wp-block-column-is-layout-flow\">\n<figure class=\"wp-block-image size-large is-resized\"><img loading=\"lazy\" decoding=\"async\" src=\"http:\/\/wp.euroliaortho.com\/wp-content\/uploads\/2021\/08\/principes.jpg\" alt=\"\" class=\"wp-image-594\" width=\"399\" height=\"266\" srcset=\"https:\/\/wp.euroliaortho.com\/wp-content\/uploads\/2021\/08\/principes.jpg 612w, https:\/\/wp.euroliaortho.com\/wp-content\/uploads\/2021\/08\/principes-300x200.jpg 300w\" sizes=\"auto, (max-width: 399px) 100vw, 399px\" \/><\/figure>\n<\/div>\n\n\n\n<div class=\"wp-block-column is-layout-flow wp-block-column-is-layout-flow\">\n<h2 class=\"wp-block-heading\">Nos principes<\/h2>\n\n\n\n<h4 class=\"wp-block-heading\">Satisfaction client<\/h4>\n\n\n\n<p>L&rsquo;exp\u00e9rience praticien et patient est au c\u0153ur de nos pr\u00e9occupations et la raison d&rsquo;\u00eatre de notre travail. Toute l&rsquo;\u00e9quipe est centr\u00e9e sur cet objectif au quotidien.<\/p>\n\n\n\n<h4 class=\"wp-block-heading\">Innovation<\/h4>\n\n\n\n<p>Nous travaillons en permanence \u00e0 adapter les solutions aux besoins des praticiens. Un exemple, l&rsquo;Eurotube\u2122 syst\u00e9mique au service des praticiens pratiquant l&rsquo;OSD. Notre objectif et notre passion : l&rsquo;innovation.<\/p>\n\n\n\n<h4 class=\"wp-block-heading\">Excellence<\/h4>\n\n\n\n<p>Avec des membres issus de l&rsquo;industrie a\u00e9rospatiale, l&rsquo;excellence est dans l&rsquo;ADN d&rsquo;Eurolia Orthodontics. C&rsquo;est ce qui nous permet, combin\u00e9 \u00e0 l&rsquo;innovation, de vous proposer des solutions uniques.<\/p>\n\n\n\n<h4 class=\"wp-block-heading\">D\u00e9veloppement des talents<\/h4>\n\n\n\n<p>La plus grande richesse d&rsquo;Eurolia Orthodontics est ses \u00e9quipes. Nous nous attachons \u00e0 leur permettre de se d\u00e9velopper professionnellement du mieux possible en les accompagnant dans leur travail et leur \u00e9volution.<\/p>\n<\/div>\n<\/div>\n\n\n\n<div class=\"wp-block-columns is-layout-flex wp-container-core-columns-is-layout-9d6595d7 wp-block-columns-is-layout-flex\">\n<div class=\"wp-block-column is-layout-flow wp-block-column-is-layout-flow\">\n<h2 class=\"wp-block-heading\">Diversit\u00e9 et inclusion<\/h2>\n\n\n\n<p>Eurolia Orthodontics favorise la parit\u00e9 et la diversit\u00e9 au sein de ses \u00e9quipes. Nous pensons que la parit\u00e9 et la diversit\u00e9 sont des chances qui sont b\u00e9n\u00e9fiques et favorisent le d\u00e9veloppement et l&rsquo;\u00e9panouissement de l&rsquo;entreprise.<\/p>\n<\/div>\n\n\n\n<div class=\"wp-block-column is-layout-flow wp-block-column-is-layout-flow\">\n<figure class=\"wp-block-image size-large is-resized\"><img loading=\"lazy\" decoding=\"async\" src=\"http:\/\/wp.euroliaortho.com\/wp-content\/uploads\/2021\/08\/diversite.jpg\" alt=\"\" class=\"wp-image-598\" width=\"399\" height=\"224\" srcset=\"https:\/\/wp.euroliaortho.com\/wp-content\/uploads\/2021\/08\/diversite.jpg 612w, https:\/\/wp.euroliaortho.com\/wp-content\/uploads\/2021\/08\/diversite-300x169.jpg 300w\" sizes=\"auto, (max-width: 399px) 100vw, 399px\" \/><\/figure>\n<\/div>\n<\/div>\n\n\n\n<div class=\"wp-block-columns is-layout-flex wp-container-core-columns-is-layout-9d6595d7 wp-block-columns-is-layout-flex\">\n<div class=\"wp-block-column is-layout-flow wp-block-column-is-layout-flow\">\n<figure class=\"wp-block-image size-large is-resized\"><img loading=\"lazy\" decoding=\"async\" src=\"http:\/\/wp.euroliaortho.com\/wp-content\/uploads\/2021\/08\/environnement.jpg\" alt=\"\" class=\"wp-image-602\" width=\"401\" height=\"267\" srcset=\"https:\/\/wp.euroliaortho.com\/wp-content\/uploads\/2021\/08\/environnement.jpg 612w, https:\/\/wp.euroliaortho.com\/wp-content\/uploads\/2021\/08\/environnement-300x200.jpg 300w\" sizes=\"auto, (max-width: 401px) 100vw, 401px\" \/><\/figure>\n<\/div>\n\n\n\n<div class=\"wp-block-column is-layout-flow wp-block-column-is-layout-flow\">\n<h2 class=\"wp-block-heading\">Responsabilit\u00e9 environnementale<\/h2>\n\n\n\n<p>Une politique environnementalement responsable a \u00e9t\u00e9 mise en place au sein d&rsquo;Eurolia Orthodontics depuis plusieurs ann\u00e9es.<br>Cette politique est bas\u00e9e sur les principes suivants :<br>&#8211; r\u00e9duction de la consommation des ressources<br>&#8211; r\u00e9duction et tri des d\u00e9chets<br>&#8211; r\u00e9duction des \u00e9missions de CO\u00b2<br><br>De mani\u00e8re non exhaustive\u00a0les actions de la marque prennent plusieurs formes au quotidien :<br>&#8211; Optimisation des d\u00e9placements<br>&#8211; Mise en place de webinars et visioconf\u00e9rences<br>&#8211; Mutualisation des commandes et des livraisons<br>&#8211; Livraison en v\u00e9hicule \u00e9lectrique et v\u00e9lo lorsque cela est possible<br>&#8211; Digitalisation des processus d\u2019entreprise et mise en place du Paperless (r\u00e9duction importante de la consommation de papier)<br>&#8211; Utilisation de papier issu de for\u00eats g\u00e9r\u00e9es durablement<br>&#8211; Chauffage au bois<br>&#8211; Utilisation de panneaux solaires pour la production d&rsquo;\u00e9lectricit\u00e9<br>&#8211; R\u00e9duction de la consommation d\u2019\u00e9lectricit\u00e9 (LED)<br>&#8211; Organisation d&rsquo;activit\u00e9 de team building de nettoyage des cours d\u2019eau et trail de d\u00e9couverte de la nature<br>&#8211; Tri et recyclage des d\u00e9chets<br>&#8211; Utilisation des programmes \u00ab\u00a0Total Zero\u00a0\u00bb de compensation des \u00e9missions de CO\u00b2 des transporteurs<\/p>\n<\/div>\n<\/div>\n\n\n\n<p><\/p>\n","protected":false},"excerpt":{"rendered":"<p>Donnons le sourire \u00e0 vos patients Nos valeurs \u00c9thique L&rsquo;ensemble des actions de l&rsquo;entreprise sont pilot\u00e9es par la d\u00e9ontologie que nous appliquons dans notre m\u00e9tier, pour la conception et la fabrication de nos produits, pour nos relations avec les membres de l&rsquo;entreprise et nos clients, ainsi que pour notre responsabilit\u00e9 environnementale. \u00c9galit\u00e9 L&rsquo;\u00e9galit\u00e9 est un [&hellip;]<\/p>\n","protected":false},"author":1,"featured_media":0,"parent":0,"menu_order":0,"comment_status":"closed","ping_status":"closed","template":"","meta":{"_uf_show_specific_survey":0,"_uf_disable_surveys":false,"footnotes":""},"class_list":["post-211","page","type-page","status-publish","hentry"],"aioseo_notices":[],"_links":{"self":[{"href":"https:\/\/wp.euroliaortho.com\/index.php\/wp-json\/wp\/v2\/pages\/211","targetHints":{"allow":["GET"]}}],"collection":[{"href":"https:\/\/wp.euroliaortho.com\/index.php\/wp-json\/wp\/v2\/pages"}],"about":[{"href":"https:\/\/wp.euroliaortho.com\/index.php\/wp-json\/wp\/v2\/types\/page"}],"author":[{"embeddable":true,"href":"https:\/\/wp.euroliaortho.com\/index.php\/wp-json\/wp\/v2\/users\/1"}],"replies":[{"embeddable":true,"href":"https:\/\/wp.euroliaortho.com\/index.php\/wp-json\/wp\/v2\/comments?post=211"}],"version-history":[{"count":31,"href":"https:\/\/wp.euroliaortho.com\/index.php\/wp-json\/wp\/v2\/pages\/211\/revisions"}],"predecessor-version":[{"id":688,"href":"https:\/\/wp.euroliaortho.com\/index.php\/wp-json\/wp\/v2\/pages\/211\/revisions\/688"}],"wp:attachment":[{"href":"https:\/\/wp.euroliaortho.com\/index.php\/wp-json\/wp\/v2\/media?parent=211"}],"curies":[{"name":"wp","href":"https:\/\/api.w.org\/{rel}","templated":true}]}}