{"id":208,"date":"2021-06-15T10:32:54","date_gmt":"2021-06-15T08:32:54","guid":{"rendered":"http:\/\/wp.euroliaortho.com\/?page_id=208"},"modified":"2021-08-09T16:40:53","modified_gmt":"2021-08-09T14:40:53","slug":"qui-sommes-nous","status":"publish","type":"page","link":"https:\/\/wp.euroliaortho.com\/index.php\/qui-sommes-nous\/","title":{"rendered":"Qui sommes nous"},"content":{"rendered":"\n<figure class=\"wp-block-image size-large is-resized\"><img loading=\"lazy\" decoding=\"async\" src=\"http:\/\/wp.euroliaortho.com\/wp-content\/uploads\/2021\/08\/story.jpg\" alt=\"\" class=\"wp-image-516\" width=\"306\" height=\"204\" srcset=\"https:\/\/wp.euroliaortho.com\/wp-content\/uploads\/2021\/08\/story.jpg 612w, https:\/\/wp.euroliaortho.com\/wp-content\/uploads\/2021\/08\/story-300x200.jpg 300w\" sizes=\"auto, (max-width: 306px) 100vw, 306px\" \/><\/figure>\n\n\n\n<div class=\"wp-block-columns is-layout-flex wp-container-core-columns-is-layout-9d6595d7 wp-block-columns-is-layout-flex\">\n<div class=\"wp-block-column is-layout-flow wp-block-column-is-layout-flow\">\n<div class=\"wp-block-columns is-layout-flex wp-container-core-columns-is-layout-9d6595d7 wp-block-columns-is-layout-flex\">\n<div class=\"wp-block-column is-layout-flow wp-block-column-is-layout-flow\">\n<p>Eurolia Orthodontics\u00ae est une entreprise familiale, n\u00e9e de l\u2019association de l\u2019expertise de l\u2019industrie fran\u00e7aise de pointe, et de la connaissance et la pratique de l\u2019orthop\u00e9die dento-faciale. Cette alliance nous permet de vous proposer un service d\u2019ing\u00e9nierie, des produits haut de gamme, ainsi qu\u2019un suivi rigoureux de solutions et de services parfaitement adapt\u00e9s \u00e0 votre activit\u00e9.<\/p>\n<\/div>\n\n\n\n<div class=\"wp-block-column is-layout-flow wp-block-column-is-layout-flow\">\n<div class=\"wp-block-image\"><figure class=\"aligncenter size-large is-resized\"><img loading=\"lazy\" decoding=\"async\" src=\"http:\/\/wp.euroliaortho.com\/wp-content\/uploads\/2021\/08\/id_ac_NB_200.jpg\" alt=\"\" class=\"wp-image-561\" width=\"151\" height=\"200\"\/><figcaption>Alain Chicheportiche<br>Pr\u00e9sident fondateur<\/figcaption><\/figure><\/div>\n<\/div>\n<\/div>\n<\/div>\n<\/div>\n","protected":false},"excerpt":{"rendered":"<p>Eurolia Orthodontics\u00ae est une entreprise familiale, n\u00e9e de l\u2019association de l\u2019expertise de l\u2019industrie fran\u00e7aise de pointe, et de la connaissance et la pratique de l\u2019orthop\u00e9die dento-faciale. Cette alliance nous permet de vous proposer un service d\u2019ing\u00e9nierie, des produits haut de gamme, ainsi qu\u2019un suivi rigoureux de solutions et de services parfaitement adapt\u00e9s \u00e0 votre activit\u00e9.<\/p>\n","protected":false},"author":1,"featured_media":0,"parent":0,"menu_order":0,"comment_status":"closed","ping_status":"closed","template":"","meta":{"_uf_show_specific_survey":0,"_uf_disable_surveys":false,"footnotes":""},"class_list":["post-208","page","type-page","status-publish","hentry"],"aioseo_notices":[],"_links":{"self":[{"href":"https:\/\/wp.euroliaortho.com\/index.php\/wp-json\/wp\/v2\/pages\/208","targetHints":{"allow":["GET"]}}],"collection":[{"href":"https:\/\/wp.euroliaortho.com\/index.php\/wp-json\/wp\/v2\/pages"}],"about":[{"href":"https:\/\/wp.euroliaortho.com\/index.php\/wp-json\/wp\/v2\/types\/page"}],"author":[{"embeddable":true,"href":"https:\/\/wp.euroliaortho.com\/index.php\/wp-json\/wp\/v2\/users\/1"}],"replies":[{"embeddable":true,"href":"https:\/\/wp.euroliaortho.com\/index.php\/wp-json\/wp\/v2\/comments?post=208"}],"version-history":[{"count":11,"href":"https:\/\/wp.euroliaortho.com\/index.php\/wp-json\/wp\/v2\/pages\/208\/revisions"}],"predecessor-version":[{"id":563,"href":"https:\/\/wp.euroliaortho.com\/index.php\/wp-json\/wp\/v2\/pages\/208\/revisions\/563"}],"wp:attachment":[{"href":"https:\/\/wp.euroliaortho.com\/index.php\/wp-json\/wp\/v2\/media?parent=208"}],"curies":[{"name":"wp","href":"https:\/\/api.w.org\/{rel}","templated":true}]}}