{"id":204,"date":"2021-06-15T10:32:54","date_gmt":"2021-06-15T08:32:54","guid":{"rendered":"http:\/\/wp.euroliaortho.com\/?page_id=204"},"modified":"2021-09-09T14:24:44","modified_gmt":"2021-09-09T12:24:44","slug":"contact","status":"publish","type":"page","link":"https:\/\/wp.euroliaortho.com\/index.php\/contact\/","title":{"rendered":"Contact"},"content":{"rendered":"\n<div class=\"wp-block-columns is-layout-flex wp-container-core-columns-is-layout-9d6595d7 wp-block-columns-is-layout-flex\">\n<div class=\"wp-block-column is-layout-flow wp-block-column-is-layout-flow\">\n<h2 class=\"wp-block-heading\">Commander en ligne<\/h2>\n\n\n\n<p>Si vous avez d\u00e9j\u00e0 votre num\u00e9ro client, vous pouvez passer vos commande directement en ligne. Pour cela, <a href=\"http:\/\/wp.euroliaortho.com\/index.php\/commande-en-ligne\/\" data-type=\"page\" data-id=\"148\">cliquez ici<\/a>.<\/p>\n<\/div>\n\n\n\n<div class=\"wp-block-column is-layout-flow wp-block-column-is-layout-flow\">\n<figure class=\"wp-block-image size-large is-resized\"><img loading=\"lazy\" decoding=\"async\" src=\"http:\/\/wp.euroliaortho.com\/wp-content\/uploads\/2021\/09\/commande-en-ligne_2.jpg\" alt=\"\" class=\"wp-image-666\" width=\"399\" height=\"266\" srcset=\"https:\/\/wp.euroliaortho.com\/wp-content\/uploads\/2021\/09\/commande-en-ligne_2.jpg 612w, https:\/\/wp.euroliaortho.com\/wp-content\/uploads\/2021\/09\/commande-en-ligne_2-300x200.jpg 300w\" sizes=\"auto, (max-width: 399px) 100vw, 399px\" \/><\/figure>\n<\/div>\n<\/div>\n\n\n\n<div class=\"wp-block-columns is-layout-flex wp-container-core-columns-is-layout-9d6595d7 wp-block-columns-is-layout-flex\">\n<div class=\"wp-block-column is-layout-flow wp-block-column-is-layout-flow\">\n<figure class=\"wp-block-image size-large is-resized\"><img loading=\"lazy\" decoding=\"async\" src=\"http:\/\/wp.euroliaortho.com\/wp-content\/uploads\/2021\/07\/catalogue_ombre_2021-2022_cadre-1024x934.png\" alt=\"\" class=\"wp-image-399\" width=\"387\" height=\"353\"\/><\/figure>\n<\/div>\n\n\n\n<div class=\"wp-block-column is-layout-flow wp-block-column-is-layout-flow\">\n<h2 class=\"wp-block-heading\">Demander un catalogue<\/h2>\n\n\n\n<p>Vous souhaitez d\u00e9couvrir l&rsquo;ensemble de notre gamme de produits? Demandez un catalogue en <a href=\"http:\/\/wp.euroliaortho.com\/index.php\/demande-de-catalogue\/\" data-type=\"page\" data-id=\"144\">cliquant ici<\/a>.<\/p>\n<\/div>\n<\/div>\n\n\n\n<div class=\"wp-block-columns is-layout-flex wp-container-core-columns-is-layout-9d6595d7 wp-block-columns-is-layout-flex\">\n<div class=\"wp-block-column is-layout-flow wp-block-column-is-layout-flow\">\n<h2 class=\"wp-block-heading\">Contactez-nous<\/h2>\n\n\n\n<p>Vous pouvez nous contacter par t\u00e9l\u00e9phone au +33 (0)5 82 95 55 30 ou en <a href=\"http:\/\/wp.euroliaortho.com\/index.php\/contactez-nous\/\" data-type=\"page\" data-id=\"138\">cliquant ici<\/a>.<\/p>\n<\/div>\n\n\n\n<div class=\"wp-block-column is-layout-flow wp-block-column-is-layout-flow\">\n<figure class=\"wp-block-image size-large is-resized\"><img loading=\"lazy\" decoding=\"async\" src=\"http:\/\/wp.euroliaortho.com\/wp-content\/uploads\/2021\/09\/contact.jpg\" alt=\"\" class=\"wp-image-667\" width=\"399\" height=\"265\" srcset=\"https:\/\/wp.euroliaortho.com\/wp-content\/uploads\/2021\/09\/contact.jpg 612w, https:\/\/wp.euroliaortho.com\/wp-content\/uploads\/2021\/09\/contact-300x200.jpg 300w\" sizes=\"auto, (max-width: 399px) 100vw, 399px\" \/><\/figure>\n<\/div>\n<\/div>\n\n\n\n<p><\/p>\n","protected":false},"excerpt":{"rendered":"<p>Commander en ligne Si vous avez d\u00e9j\u00e0 votre num\u00e9ro client, vous pouvez passer vos commande directement en ligne. Pour cela, cliquez ici. Demander un catalogue Vous souhaitez d\u00e9couvrir l&rsquo;ensemble de notre gamme de produits? Demandez un catalogue en cliquant ici. Contactez-nous Vous pouvez nous contacter par t\u00e9l\u00e9phone au +33 (0)5 82 95 55 30 ou [&hellip;]<\/p>\n","protected":false},"author":1,"featured_media":0,"parent":0,"menu_order":0,"comment_status":"closed","ping_status":"closed","template":"","meta":{"_uf_show_specific_survey":0,"_uf_disable_surveys":false,"footnotes":""},"class_list":["post-204","page","type-page","status-publish","hentry"],"aioseo_notices":[],"_links":{"self":[{"href":"https:\/\/wp.euroliaortho.com\/index.php\/wp-json\/wp\/v2\/pages\/204","targetHints":{"allow":["GET"]}}],"collection":[{"href":"https:\/\/wp.euroliaortho.com\/index.php\/wp-json\/wp\/v2\/pages"}],"about":[{"href":"https:\/\/wp.euroliaortho.com\/index.php\/wp-json\/wp\/v2\/types\/page"}],"author":[{"embeddable":true,"href":"https:\/\/wp.euroliaortho.com\/index.php\/wp-json\/wp\/v2\/users\/1"}],"replies":[{"embeddable":true,"href":"https:\/\/wp.euroliaortho.com\/index.php\/wp-json\/wp\/v2\/comments?post=204"}],"version-history":[{"count":6,"href":"https:\/\/wp.euroliaortho.com\/index.php\/wp-json\/wp\/v2\/pages\/204\/revisions"}],"predecessor-version":[{"id":669,"href":"https:\/\/wp.euroliaortho.com\/index.php\/wp-json\/wp\/v2\/pages\/204\/revisions\/669"}],"wp:attachment":[{"href":"https:\/\/wp.euroliaortho.com\/index.php\/wp-json\/wp\/v2\/media?parent=204"}],"curies":[{"name":"wp","href":"https:\/\/api.w.org\/{rel}","templated":true}]}}