{"id":203,"date":"2021-06-15T10:32:53","date_gmt":"2021-06-15T08:32:53","guid":{"rendered":"http:\/\/wp.euroliaortho.com\/?page_id=203"},"modified":"2021-08-06T15:12:42","modified_gmt":"2021-08-06T13:12:42","slug":"a-propos-de-nous","status":"publish","type":"page","link":"https:\/\/wp.euroliaortho.com\/index.php\/a-propos-de-nous\/","title":{"rendered":"A propos de nous"},"content":{"rendered":"\n<p><\/p>\n\n\n\n<div class=\"wp-block-columns is-layout-flex wp-container-core-columns-is-layout-9d6595d7 wp-block-columns-is-layout-flex\">\n<div class=\"wp-block-column is-layout-flow wp-block-column-is-layout-flow\">\n<h2 class=\"wp-block-heading\">Qui sommes nous ?<\/h2>\n\n\n\n<p class=\"has-text-align-left\">D\u00e9couvrez l&rsquo;histoire de notre entreprise et sa contribution \u00e0 l&rsquo;orthodontie en France et \u00e0 l&rsquo;\u00e9tranger.<br><a href=\"http:\/\/wp.euroliaortho.com\/index.php\/qui-sommes-nous\/\">Nous d\u00e9couvrir<\/a><\/p>\n<\/div>\n\n\n\n<div class=\"wp-block-column is-layout-flow wp-block-column-is-layout-flow\">\n<figure class=\"wp-block-image size-large is-resized\"><a href=\"http:\/\/wp.euroliaortho.com\/index.php\/qui-sommes-nous\/\"><img loading=\"lazy\" decoding=\"async\" src=\"http:\/\/wp.euroliaortho.com\/wp-content\/uploads\/2021\/08\/story.jpg\" alt=\"\" class=\"wp-image-516\" width=\"306\" height=\"204\" srcset=\"https:\/\/wp.euroliaortho.com\/wp-content\/uploads\/2021\/08\/story.jpg 612w, https:\/\/wp.euroliaortho.com\/wp-content\/uploads\/2021\/08\/story-300x200.jpg 300w\" sizes=\"auto, (max-width: 306px) 100vw, 306px\" \/><\/a><\/figure>\n<\/div>\n<\/div>\n\n\n\n<div class=\"wp-block-columns is-layout-flex wp-container-core-columns-is-layout-9d6595d7 wp-block-columns-is-layout-flex\">\n<div class=\"wp-block-column is-layout-flow wp-block-column-is-layout-flow\">\n<figure class=\"wp-block-image size-full is-resized\"><a href=\"http:\/\/wp.euroliaortho.com\/index.php\/infos-et-evenements\/\"><img loading=\"lazy\" decoding=\"async\" src=\"http:\/\/wp.euroliaortho.com\/wp-content\/uploads\/2021\/08\/hautparleur.jpg\" alt=\"\" class=\"wp-image-517\" width=\"306\" height=\"206\" srcset=\"https:\/\/wp.euroliaortho.com\/wp-content\/uploads\/2021\/08\/hautparleur.jpg 612w, https:\/\/wp.euroliaortho.com\/wp-content\/uploads\/2021\/08\/hautparleur-300x201.jpg 300w\" sizes=\"auto, (max-width: 306px) 100vw, 306px\" \/><\/a><\/figure>\n<\/div>\n\n\n\n<div class=\"wp-block-column is-layout-flow wp-block-column-is-layout-flow\">\n<h2 class=\"wp-block-heading\">Infos et \u00e9v\u00e8nements<\/h2>\n\n\n\n<p>Soyez informer des derni\u00e8res informations et prochains \u00e9v\u00e8nements.<br><a href=\"http:\/\/wp.euroliaortho.com\/index.php\/infos-et-evenements\/\">Infos et \u00e9v\u00e8nements<\/a><br><\/p>\n<\/div>\n<\/div>\n\n\n\n<div class=\"wp-block-columns is-layout-flex wp-container-core-columns-is-layout-9d6595d7 wp-block-columns-is-layout-flex\">\n<div class=\"wp-block-column is-layout-flow wp-block-column-is-layout-flow\">\n<h2 class=\"wp-block-heading\">Congr\u00e8s scientifiques<\/h2>\n\n\n\n<p>Eurolia Orthodontics soutien de nombreuses association d&rsquo;ODF en France et \u00e0 l&rsquo;\u00e9tranger. Restez informer des prochains congr\u00e8s o\u00f9 nous serons pr\u00e9sents.<br><a href=\"http:\/\/wp.euroliaortho.com\/index.php\/congres-scientifiques\/\">Congr\u00e8s scientifiques<\/a><\/p>\n<\/div>\n\n\n\n<div class=\"wp-block-column is-layout-flow wp-block-column-is-layout-flow\">\n<figure class=\"wp-block-image size-full is-resized\"><a href=\"http:\/\/wp.euroliaortho.com\/index.php\/congres-scientifiques\/\"><img loading=\"lazy\" decoding=\"async\" src=\"http:\/\/wp.euroliaortho.com\/wp-content\/uploads\/2021\/08\/conference.jpg\" alt=\"\" class=\"wp-image-518\" width=\"306\" height=\"204\" srcset=\"https:\/\/wp.euroliaortho.com\/wp-content\/uploads\/2021\/08\/conference.jpg 612w, https:\/\/wp.euroliaortho.com\/wp-content\/uploads\/2021\/08\/conference-300x200.jpg 300w\" sizes=\"auto, (max-width: 306px) 100vw, 306px\" \/><\/a><\/figure>\n<\/div>\n<\/div>\n","protected":false},"excerpt":{"rendered":"<p>Qui sommes nous ? D\u00e9couvrez l&rsquo;histoire de notre entreprise et sa contribution \u00e0 l&rsquo;orthodontie en France et \u00e0 l&rsquo;\u00e9tranger.Nous d\u00e9couvrir Infos et \u00e9v\u00e8nements Soyez informer des derni\u00e8res informations et prochains \u00e9v\u00e8nements.Infos et \u00e9v\u00e8nements Congr\u00e8s scientifiques Eurolia Orthodontics soutien de nombreuses association d&rsquo;ODF en France et \u00e0 l&rsquo;\u00e9tranger. Restez informer des prochains congr\u00e8s o\u00f9 nous serons [&hellip;]<\/p>\n","protected":false},"author":1,"featured_media":0,"parent":0,"menu_order":0,"comment_status":"closed","ping_status":"closed","template":"","meta":{"_uf_show_specific_survey":0,"_uf_disable_surveys":false,"footnotes":""},"class_list":["post-203","page","type-page","status-publish","hentry"],"aioseo_notices":[],"_links":{"self":[{"href":"https:\/\/wp.euroliaortho.com\/index.php\/wp-json\/wp\/v2\/pages\/203","targetHints":{"allow":["GET"]}}],"collection":[{"href":"https:\/\/wp.euroliaortho.com\/index.php\/wp-json\/wp\/v2\/pages"}],"about":[{"href":"https:\/\/wp.euroliaortho.com\/index.php\/wp-json\/wp\/v2\/types\/page"}],"author":[{"embeddable":true,"href":"https:\/\/wp.euroliaortho.com\/index.php\/wp-json\/wp\/v2\/users\/1"}],"replies":[{"embeddable":true,"href":"https:\/\/wp.euroliaortho.com\/index.php\/wp-json\/wp\/v2\/comments?post=203"}],"version-history":[{"count":8,"href":"https:\/\/wp.euroliaortho.com\/index.php\/wp-json\/wp\/v2\/pages\/203\/revisions"}],"predecessor-version":[{"id":523,"href":"https:\/\/wp.euroliaortho.com\/index.php\/wp-json\/wp\/v2\/pages\/203\/revisions\/523"}],"wp:attachment":[{"href":"https:\/\/wp.euroliaortho.com\/index.php\/wp-json\/wp\/v2\/media?parent=203"}],"curies":[{"name":"wp","href":"https:\/\/api.w.org\/{rel}","templated":true}]}}