{"id":162,"date":"2021-06-15T10:32:53","date_gmt":"2021-06-15T08:32:53","guid":{"rendered":"http:\/\/wp.euroliaortho.com\/?page_id=162"},"modified":"2021-11-08T11:50:19","modified_gmt":"2021-11-08T10:50:19","slug":"brackets-ligaturants","status":"publish","type":"page","link":"https:\/\/wp.euroliaortho.com\/index.php\/brackets-ligaturants\/","title":{"rendered":"Brackets ligaturants"},"content":{"rendered":"\n<div class=\"wp-block-image\"><figure class=\"aligncenter size-large is-resized\"><img loading=\"lazy\" decoding=\"async\" src=\"http:\/\/wp.euroliaortho.com\/wp-content\/uploads\/2021\/07\/Eurosteel3_200.jpg\" alt=\"\" class=\"wp-image-421\" width=\"177\" height=\"139\"\/><\/figure><\/div>\n\n\n\n<div class=\"wp-block-image\"><figure class=\"aligncenter size-large is-resized\"><img loading=\"lazy\" decoding=\"async\" src=\"http:\/\/wp.euroliaortho.com\/wp-content\/uploads\/2021\/07\/Eurosteel-3_600.png\" alt=\"\" class=\"wp-image-422\" width=\"237\" height=\"42\"\/><\/figure><\/div>\n\n\n\n<p>Derni\u00e8re g\u00e9n\u00e9ration de bracket m\u00e9tallique, le bracket EUROSTEEL 3\u2122 allie design et performance.<\/p>\n\n\n\n<figure class=\"wp-block-video\"><video controls src=\"http:\/\/wp.euroliaortho.com\/wp-content\/uploads\/2021\/11\/ES3_logo.mp4\"><\/video><\/figure>\n\n\n\n<hr class=\"wp-block-separator\"\/>\n\n\n\n<div class=\"wp-block-image\"><figure class=\"aligncenter size-large is-resized\"><img loading=\"lazy\" decoding=\"async\" src=\"http:\/\/wp.euroliaortho.com\/wp-content\/uploads\/2021\/07\/Eurovision_2018_1-724x1024.png\" alt=\"\" class=\"wp-image-416\" width=\"181\" height=\"256\"\/><\/figure><\/div>\n\n\n\n<div class=\"wp-block-image\"><figure class=\"aligncenter size-large is-resized\"><img loading=\"lazy\" decoding=\"async\" src=\"http:\/\/wp.euroliaortho.com\/wp-content\/uploads\/2021\/07\/Eurovision-1024x220.png\" alt=\"\" class=\"wp-image-427\" width=\"294\" height=\"63\"\/><\/figure><\/div>\n\n\n\n<p>Le bracket esth\u00e9tique de r\u00e9f\u00e9rence en saphir monocristallin pur \u00e0 99,99%. Facile \u00e0 d\u00e9baguer gr\u00e2ce \u00e0 sa base l\u00e9g\u00e8rement micro-grav\u00e9e.<\/p>\n\n\n\n\n\n<p><\/p>\n","protected":false},"excerpt":{"rendered":"","protected":false},"author":1,"featured_media":0,"parent":0,"menu_order":0,"comment_status":"closed","ping_status":"closed","template":"","meta":{"_uf_show_specific_survey":0,"_uf_disable_surveys":false,"footnotes":""},"class_list":["post-162","page","type-page","status-publish","hentry"],"aioseo_notices":[],"_links":{"self":[{"href":"https:\/\/wp.euroliaortho.com\/index.php\/wp-json\/wp\/v2\/pages\/162","targetHints":{"allow":["GET"]}}],"collection":[{"href":"https:\/\/wp.euroliaortho.com\/index.php\/wp-json\/wp\/v2\/pages"}],"about":[{"href":"https:\/\/wp.euroliaortho.com\/index.php\/wp-json\/wp\/v2\/types\/page"}],"author":[{"embeddable":true,"href":"https:\/\/wp.euroliaortho.com\/index.php\/wp-json\/wp\/v2\/users\/1"}],"replies":[{"embeddable":true,"href":"https:\/\/wp.euroliaortho.com\/index.php\/wp-json\/wp\/v2\/comments?post=162"}],"version-history":[{"count":5,"href":"https:\/\/wp.euroliaortho.com\/index.php\/wp-json\/wp\/v2\/pages\/162\/revisions"}],"predecessor-version":[{"id":700,"href":"https:\/\/wp.euroliaortho.com\/index.php\/wp-json\/wp\/v2\/pages\/162\/revisions\/700"}],"wp:attachment":[{"href":"https:\/\/wp.euroliaortho.com\/index.php\/wp-json\/wp\/v2\/media?parent=162"}],"curies":[{"name":"wp","href":"https:\/\/api.w.org\/{rel}","templated":true}]}}