{"id":159,"date":"2021-06-15T10:32:53","date_gmt":"2021-06-15T08:32:53","guid":{"rendered":"http:\/\/wp.euroliaortho.com\/?page_id=159"},"modified":"2021-09-10T14:42:55","modified_gmt":"2021-09-10T12:42:55","slug":"elastomeres","status":"publish","type":"page","link":"https:\/\/wp.euroliaortho.com\/index.php\/elastomeres\/","title":{"rendered":"Elastom\u00e8res"},"content":{"rendered":"\n<figure class=\"wp-block-image size-large\"><img loading=\"lazy\" decoding=\"async\" width=\"396\" height=\"436\" src=\"http:\/\/wp.euroliaortho.com\/wp-content\/uploads\/2021\/09\/Visage_elastomeres.jpg\" alt=\"\" class=\"wp-image-684\" srcset=\"https:\/\/wp.euroliaortho.com\/wp-content\/uploads\/2021\/09\/Visage_elastomeres.jpg 396w, https:\/\/wp.euroliaortho.com\/wp-content\/uploads\/2021\/09\/Visage_elastomeres-272x300.jpg 272w\" sizes=\"auto, (max-width: 396px) 100vw, 396px\" \/><\/figure>\n\n\n\n<p>Les \u00e9lastom\u00e8res sont con\u00e7us en polyur\u00e9thane m\u00e9dical, sans latex, choisi pour maintenir \u00e9lasticit\u00e9 et couleur au cours du temps.<\/p>\n\n\n\n<div class=\"wp-block-image\"><figure class=\"aligncenter size-large is-resized\"><img loading=\"lazy\" decoding=\"async\" src=\"http:\/\/wp.euroliaortho.com\/wp-content\/uploads\/2021\/06\/LE-V_detoure_2-1024x772.png\" alt=\"\" class=\"wp-image-345\" width=\"256\" height=\"193\"\/><\/figure><\/div>\n\n\n","protected":false},"excerpt":{"rendered":"<p>Les \u00e9lastom\u00e8res sont con\u00e7us en polyur\u00e9thane m\u00e9dical, sans latex, choisi pour maintenir \u00e9lasticit\u00e9 et couleur au cours du temps.<\/p>\n","protected":false},"author":1,"featured_media":0,"parent":0,"menu_order":0,"comment_status":"closed","ping_status":"closed","template":"","meta":{"_uf_show_specific_survey":0,"_uf_disable_surveys":false,"footnotes":""},"class_list":["post-159","page","type-page","status-publish","hentry"],"aioseo_notices":[],"_links":{"self":[{"href":"https:\/\/wp.euroliaortho.com\/index.php\/wp-json\/wp\/v2\/pages\/159","targetHints":{"allow":["GET"]}}],"collection":[{"href":"https:\/\/wp.euroliaortho.com\/index.php\/wp-json\/wp\/v2\/pages"}],"about":[{"href":"https:\/\/wp.euroliaortho.com\/index.php\/wp-json\/wp\/v2\/types\/page"}],"author":[{"embeddable":true,"href":"https:\/\/wp.euroliaortho.com\/index.php\/wp-json\/wp\/v2\/users\/1"}],"replies":[{"embeddable":true,"href":"https:\/\/wp.euroliaortho.com\/index.php\/wp-json\/wp\/v2\/comments?post=159"}],"version-history":[{"count":5,"href":"https:\/\/wp.euroliaortho.com\/index.php\/wp-json\/wp\/v2\/pages\/159\/revisions"}],"predecessor-version":[{"id":685,"href":"https:\/\/wp.euroliaortho.com\/index.php\/wp-json\/wp\/v2\/pages\/159\/revisions\/685"}],"wp:attachment":[{"href":"https:\/\/wp.euroliaortho.com\/index.php\/wp-json\/wp\/v2\/media?parent=159"}],"curies":[{"name":"wp","href":"https:\/\/api.w.org\/{rel}","templated":true}]}}