{"id":156,"date":"2021-06-15T10:32:53","date_gmt":"2021-06-15T08:32:53","guid":{"rendered":"http:\/\/wp.euroliaortho.com\/?page_id=156"},"modified":"2021-08-05T16:42:58","modified_gmt":"2021-08-05T14:42:58","slug":"tubes-molaires","status":"publish","type":"page","link":"https:\/\/wp.euroliaortho.com\/index.php\/tubes-molaires\/","title":{"rendered":"Tubes molaires"},"content":{"rendered":"\n<figure class=\"wp-block-image size-large\"><img loading=\"lazy\" decoding=\"async\" width=\"500\" height=\"303\" src=\"http:\/\/wp.euroliaortho.com\/wp-content\/uploads\/2021\/08\/Visage_tubes.jpg\" alt=\"\" class=\"wp-image-491\" srcset=\"https:\/\/wp.euroliaortho.com\/wp-content\/uploads\/2021\/08\/Visage_tubes.jpg 500w, https:\/\/wp.euroliaortho.com\/wp-content\/uploads\/2021\/08\/Visage_tubes-300x182.jpg 300w\" sizes=\"auto, (max-width: 500px) 100vw, 500px\" \/><\/figure>\n\n\n\n<p>R\u00e9f\u00e9rence des tubes orthodontiques, les Eutotube\u2122 poss\u00e8dent toutes les caract\u00e9ristiques n\u00e9cessaires pour des traitements modernes de qualit\u00e9.<\/p>\n\n\n\n<div class=\"wp-block-image\"><figure class=\"aligncenter size-large is-resized\"><img decoding=\"async\" src=\"http:\/\/wp.euroliaortho.com\/wp-content\/uploads\/2021\/08\/ETE-3D_arc-1024x592.png\" alt=\"\" class=\"wp-image-493\" width=\"500\"\/><\/figure><\/div>\n\n\n","protected":false},"excerpt":{"rendered":"<p>R\u00e9f\u00e9rence des tubes orthodontiques, les Eutotube\u2122 poss\u00e8dent toutes les caract\u00e9ristiques n\u00e9cessaires pour des traitements modernes de qualit\u00e9.<\/p>\n","protected":false},"author":1,"featured_media":0,"parent":0,"menu_order":0,"comment_status":"closed","ping_status":"closed","template":"","meta":{"_uf_show_specific_survey":0,"_uf_disable_surveys":false,"footnotes":""},"class_list":["post-156","page","type-page","status-publish","hentry"],"aioseo_notices":[],"_links":{"self":[{"href":"https:\/\/wp.euroliaortho.com\/index.php\/wp-json\/wp\/v2\/pages\/156","targetHints":{"allow":["GET"]}}],"collection":[{"href":"https:\/\/wp.euroliaortho.com\/index.php\/wp-json\/wp\/v2\/pages"}],"about":[{"href":"https:\/\/wp.euroliaortho.com\/index.php\/wp-json\/wp\/v2\/types\/page"}],"author":[{"embeddable":true,"href":"https:\/\/wp.euroliaortho.com\/index.php\/wp-json\/wp\/v2\/users\/1"}],"replies":[{"embeddable":true,"href":"https:\/\/wp.euroliaortho.com\/index.php\/wp-json\/wp\/v2\/comments?post=156"}],"version-history":[{"count":4,"href":"https:\/\/wp.euroliaortho.com\/index.php\/wp-json\/wp\/v2\/pages\/156\/revisions"}],"predecessor-version":[{"id":496,"href":"https:\/\/wp.euroliaortho.com\/index.php\/wp-json\/wp\/v2\/pages\/156\/revisions\/496"}],"wp:attachment":[{"href":"https:\/\/wp.euroliaortho.com\/index.php\/wp-json\/wp\/v2\/media?parent=156"}],"curies":[{"name":"wp","href":"https:\/\/api.w.org\/{rel}","templated":true}]}}