{"id":154,"date":"2021-06-15T10:32:53","date_gmt":"2021-06-15T08:32:53","guid":{"rendered":"http:\/\/wp.euroliaortho.com\/?page_id=154"},"modified":"2021-11-08T11:48:46","modified_gmt":"2021-11-08T10:48:46","slug":"aligneurs-skinligner","status":"publish","type":"page","link":"https:\/\/wp.euroliaortho.com\/index.php\/aligneurs-skinligner\/","title":{"rendered":"Skinligner\u00ae"},"content":{"rendered":"\n<figure class=\"wp-block-image size-large is-resized\"><img decoding=\"async\" src=\"http:\/\/wp.euroliaortho.com\/wp-content\/uploads\/2021\/05\/image_site_skinligner_700.jpg\" alt=\"\" class=\"wp-image-215\" width=\"500\"\/><\/figure>\n\n\n\n<p>Proposez \u00e0 vos patients la derni\u00e8re solution d&rsquo;aligneurs invisibles Skinligner\u00ae.<\/p>\n\n\n\n<figure class=\"wp-block-video\"><video controls src=\"http:\/\/wp.euroliaortho.com\/wp-content\/uploads\/2021\/11\/Skinligner_presentation.mp4\"><\/video><\/figure>\n\n\n\n<p>Skinligner\u00ae utilise un mat\u00e9riau multicouche de derni\u00e8re g\u00e9n\u00e9ration.<br>La nouvelle interface 3D vous permet de contr\u00f4ler le set-up, les points de contact \u00e0 chaque \u00e9tape du traitement, de masquer les gencives, simuler les d\u00e9parts de racines, contr\u00f4ler les r\u00e9ductions am\u00e9laires interproximales, simuler l&rsquo;ensemble du traitement, effectuer les mesures n\u00e9cessaires et partager le simulateur avec le patient.<\/p>\n\n\n\n<div class=\"wp-block-columns is-layout-flex wp-container-core-columns-is-layout-9d6595d7 wp-block-columns-is-layout-flex\">\n<div class=\"wp-block-column is-layout-flow wp-block-column-is-layout-flow\">\n<figure class=\"wp-block-image size-large is-resized\"><img loading=\"lazy\" decoding=\"async\" src=\"http:\/\/wp.euroliaortho.com\/wp-content\/uploads\/2021\/07\/iStock-844034314-1024x808.jpg\" alt=\"\" class=\"wp-image-375\" width=\"256\" height=\"202\"\/><\/figure>\n<\/div>\n\n\n\n<div class=\"wp-block-column is-layout-flow wp-block-column-is-layout-flow\">\n<figure class=\"wp-block-image size-large is-resized\"><img loading=\"lazy\" decoding=\"async\" src=\"http:\/\/wp.euroliaortho.com\/wp-content\/uploads\/2021\/07\/Skinliner_simulation-1024x459.jpg\" alt=\"\" class=\"wp-image-381\" width=\"256\" height=\"115\"\/><\/figure>\n<\/div>\n\n\n\n<div class=\"wp-block-column is-layout-flow wp-block-column-is-layout-flow\">\n<figure class=\"wp-block-image size-large is-resized\"><img loading=\"lazy\" decoding=\"async\" src=\"http:\/\/wp.euroliaortho.com\/wp-content\/uploads\/2021\/07\/Skinliner_hide_gingiva-1024x474.jpg\" alt=\"\" class=\"wp-image-377\" width=\"256\" height=\"119\"\/><\/figure>\n<\/div>\n<\/div>\n\n\n\n<div class=\"wp-block-columns is-layout-flex wp-container-core-columns-is-layout-9d6595d7 wp-block-columns-is-layout-flex\">\n<div class=\"wp-block-column is-layout-flow wp-block-column-is-layout-flow\">\n<figure class=\"wp-block-image size-large is-resized\"><img loading=\"lazy\" decoding=\"async\" src=\"http:\/\/wp.euroliaortho.com\/wp-content\/uploads\/2021\/07\/Skinliner_IPR-1024x611.jpg\" alt=\"\" class=\"wp-image-378\" width=\"256\" height=\"153\"\/><\/figure>\n<\/div>\n\n\n\n<div class=\"wp-block-column is-layout-flow wp-block-column-is-layout-flow\">\n<figure class=\"wp-block-image size-large is-resized\"><img loading=\"lazy\" decoding=\"async\" src=\"http:\/\/wp.euroliaortho.com\/wp-content\/uploads\/2021\/07\/Skinliner_Material_Graphic_1-e1628176091176.png\" alt=\"\" class=\"wp-image-379\" width=\"253\" height=\"126\"\/><\/figure>\n<\/div>\n\n\n\n<div class=\"wp-block-column is-layout-flow wp-block-column-is-layout-flow\">\n<figure class=\"wp-block-image size-large is-resized\"><img loading=\"lazy\" decoding=\"async\" src=\"http:\/\/wp.euroliaortho.com\/wp-content\/uploads\/2021\/07\/Skinliner_occlusogram-e1628176085583.jpg\" alt=\"\" class=\"wp-image-380\" width=\"300\" height=\"224\"\/><\/figure>\n<\/div>\n<\/div>\n","protected":false},"excerpt":{"rendered":"<p>Proposez \u00e0 vos patients la derni\u00e8re solution d&rsquo;aligneurs invisibles Skinligner\u00ae. Skinligner\u00ae utilise un mat\u00e9riau multicouche de derni\u00e8re g\u00e9n\u00e9ration.La nouvelle interface 3D vous permet de contr\u00f4ler le set-up, les points de contact \u00e0 chaque \u00e9tape du traitement, de masquer les gencives, simuler les d\u00e9parts de racines, contr\u00f4ler les r\u00e9ductions am\u00e9laires interproximales, simuler l&rsquo;ensemble du traitement, effectuer [&hellip;]<\/p>\n","protected":false},"author":1,"featured_media":0,"parent":0,"menu_order":0,"comment_status":"closed","ping_status":"closed","template":"","meta":{"_uf_show_specific_survey":0,"_uf_disable_surveys":false,"footnotes":""},"class_list":["post-154","page","type-page","status-publish","hentry"],"aioseo_notices":[],"_links":{"self":[{"href":"https:\/\/wp.euroliaortho.com\/index.php\/wp-json\/wp\/v2\/pages\/154","targetHints":{"allow":["GET"]}}],"collection":[{"href":"https:\/\/wp.euroliaortho.com\/index.php\/wp-json\/wp\/v2\/pages"}],"about":[{"href":"https:\/\/wp.euroliaortho.com\/index.php\/wp-json\/wp\/v2\/types\/page"}],"author":[{"embeddable":true,"href":"https:\/\/wp.euroliaortho.com\/index.php\/wp-json\/wp\/v2\/users\/1"}],"replies":[{"embeddable":true,"href":"https:\/\/wp.euroliaortho.com\/index.php\/wp-json\/wp\/v2\/comments?post=154"}],"version-history":[{"count":16,"href":"https:\/\/wp.euroliaortho.com\/index.php\/wp-json\/wp\/v2\/pages\/154\/revisions"}],"predecessor-version":[{"id":698,"href":"https:\/\/wp.euroliaortho.com\/index.php\/wp-json\/wp\/v2\/pages\/154\/revisions\/698"}],"wp:attachment":[{"href":"https:\/\/wp.euroliaortho.com\/index.php\/wp-json\/wp\/v2\/media?parent=154"}],"curies":[{"name":"wp","href":"https:\/\/api.w.org\/{rel}","templated":true}]}}