{"id":153,"date":"2021-06-15T10:32:53","date_gmt":"2021-06-15T08:32:53","guid":{"rendered":"http:\/\/wp.euroliaortho.com\/?page_id=153"},"modified":"2021-09-09T14:41:45","modified_gmt":"2021-09-09T12:41:45","slug":"brackets","status":"publish","type":"page","link":"https:\/\/wp.euroliaortho.com\/index.php\/brackets\/","title":{"rendered":"Brackets"},"content":{"rendered":"\n<p>Vous trouverez ci-dessous notre gamme de brackets.<\/p>\n\n\n\n<h2 class=\"wp-block-heading\">Brackets auto-ligaturants<\/h2>\n\n\n\n<div class=\"wp-block-image\"><figure class=\"aligncenter size-large is-resized\"><img loading=\"lazy\" decoding=\"async\" src=\"http:\/\/wp.euroliaortho.com\/wp-content\/uploads\/2021\/05\/ERKDC_illustration-1-e1626792355612.jpg\" alt=\"\" class=\"wp-image-182\" width=\"416\" height=\"291\"\/><\/figure><\/div>\n\n\n\n<p><strong>L&rsquo;excellence des traitements auto-ligaturants esth\u00e9tiques<\/strong><br>Le bracket EUREKA D CLEAR\u2122 est le 1er bracket permettant la r\u00e9alisation de traitements auto-ligaturants efficients tout en \u00e9tant parfaitement esth\u00e9tiques.<br>Il est con\u00e7u avec une nouvelle technologie nano-c\u00e9ramique pure \u00e0 99,99%, issue de la R&amp;D d&rsquo;instituts de r\u00e9f\u00e9rence dans l&rsquo;ing\u00e9nierie et les technologies c\u00e9ramiques, qui lui procure des propri\u00e9t\u00e9s m\u00e9caniques et esth\u00e9tiques exceptionnelles, particuli\u00e8rement adapt\u00e9es \u00e0 la pratique de l&rsquo;orthodontie moderne.<\/p>\n\n\n\n<hr class=\"wp-block-separator\"\/>\n\n\n\n<div class=\"wp-block-image\"><figure class=\"aligncenter size-large is-resized\"><img loading=\"lazy\" decoding=\"async\" src=\"http:\/\/wp.euroliaortho.com\/wp-content\/uploads\/2021\/07\/ERKC-01-e1626792640111.png\" alt=\"\" class=\"wp-image-423\" width=\"199\" height=\"200\"\/><\/figure><\/div>\n\n\n\n<div class=\"wp-block-image\"><figure class=\"aligncenter size-large is-resized\"><img loading=\"lazy\" decoding=\"async\" src=\"http:\/\/wp.euroliaortho.com\/wp-content\/uploads\/2021\/07\/Eureka_Clear-e1626792814929.png\" alt=\"\" class=\"wp-image-424\" width=\"254\" height=\"27\"\/><\/figure><\/div>\n\n\n\n<p>Syst\u00e8me auto-ligaturant esth\u00e9tique interactif, l&rsquo;EUREKA Clear\u2122 offre un traitement basse friction discret, confortable et performant.<\/p>\n\n\n\n<hr class=\"wp-block-separator\"\/>\n\n\n\n<div class=\"wp-block-image\"><figure class=\"aligncenter size-large is-resized\"><img decoding=\"async\" src=\"http:\/\/wp.euroliaortho.com\/wp-content\/uploads\/2021\/05\/ERKD-vue-face-1024x885.png\" alt=\"\" class=\"wp-image-166\" width=\"200\"\/><\/figure><\/div>\n\n\n\n<div class=\"wp-block-image\"><figure class=\"aligncenter size-large is-resized\"><img loading=\"lazy\" decoding=\"async\" src=\"http:\/\/wp.euroliaortho.com\/wp-content\/uploads\/2021\/07\/Eureka_D-e1626793266751.png\" alt=\"\" class=\"wp-image-415\" width=\"211\" height=\"36\"\/><\/figure><\/div>\n\n\n\n<p>Les nouveaux brackets EUREKA D\u2122 vous permettent de r\u00e9aliser des traitements auto-ligaturants passifs, basse friction, tout en conservant une excellente pr\u00e9cision dans les finitions.<\/p>\n\n\n\n<hr class=\"wp-block-separator\"\/>\n\n\n\n<h2 class=\"wp-block-heading\">Brackets ligaturants<\/h2>\n\n\n\n<div class=\"wp-block-image\"><figure class=\"aligncenter size-large is-resized\"><img loading=\"lazy\" decoding=\"async\" src=\"http:\/\/wp.euroliaortho.com\/wp-content\/uploads\/2021\/07\/Eurosteel3_200.jpg\" alt=\"\" class=\"wp-image-421\" width=\"177\" height=\"139\"\/><\/figure><\/div>\n\n\n\n<div class=\"wp-block-image\"><figure class=\"aligncenter size-large is-resized\"><img loading=\"lazy\" decoding=\"async\" src=\"http:\/\/wp.euroliaortho.com\/wp-content\/uploads\/2021\/07\/Eurosteel-3_600.png\" alt=\"\" class=\"wp-image-422\" width=\"237\" height=\"42\"\/><\/figure><\/div>\n\n\n\n<p>Derni\u00e8re g\u00e9n\u00e9ration de bracket m\u00e9tallique, le bracket EUROSTEEL 3\u2122 allie design et performance.<\/p>\n\n\n\n<hr class=\"wp-block-separator\"\/>\n\n\n\n<div class=\"wp-block-image\"><figure class=\"aligncenter size-large is-resized\"><img loading=\"lazy\" decoding=\"async\" src=\"http:\/\/wp.euroliaortho.com\/wp-content\/uploads\/2021\/07\/Eurovision_2018_1-724x1024.png\" alt=\"\" class=\"wp-image-416\" width=\"181\" height=\"256\"\/><\/figure><\/div>\n\n\n\n<div class=\"wp-block-image\"><figure class=\"aligncenter size-large is-resized\"><img loading=\"lazy\" decoding=\"async\" src=\"http:\/\/wp.euroliaortho.com\/wp-content\/uploads\/2021\/07\/Eurovision-1024x220.png\" alt=\"\" class=\"wp-image-427\" width=\"294\" height=\"63\"\/><\/figure><\/div>\n\n\n\n<p>Le bracket esth\u00e9tique de r\u00e9f\u00e9rence en saphir monocristallin pur \u00e0 99,99%. Facile \u00e0 d\u00e9baguer gr\u00e2ce \u00e0 sa base l\u00e9g\u00e8rement micro-grav\u00e9e.<\/p>\n\n\n","protected":false},"excerpt":{"rendered":"<p>Vous trouverez ci-dessous notre gamme de brackets. Brackets auto-ligaturants Syst\u00e8me auto-ligaturant esth\u00e9tique interactif, l&rsquo;EUREKA Clear\u2122 offre un traitement basse friction discret, confortable et performant. Les nouveaux brackets EUREKA D\u2122 vous permettent de r\u00e9aliser des traitements auto-ligaturants passifs, basse friction, tout en conservant une excellente pr\u00e9cision dans les finitions. Brackets ligaturants Derni\u00e8re g\u00e9n\u00e9ration de bracket m\u00e9tallique, [&hellip;]<\/p>\n","protected":false},"author":1,"featured_media":0,"parent":0,"menu_order":0,"comment_status":"closed","ping_status":"closed","template":"","meta":{"_uf_show_specific_survey":0,"_uf_disable_surveys":false,"footnotes":""},"class_list":["post-153","page","type-page","status-publish","hentry"],"aioseo_notices":[],"_links":{"self":[{"href":"https:\/\/wp.euroliaortho.com\/index.php\/wp-json\/wp\/v2\/pages\/153","targetHints":{"allow":["GET"]}}],"collection":[{"href":"https:\/\/wp.euroliaortho.com\/index.php\/wp-json\/wp\/v2\/pages"}],"about":[{"href":"https:\/\/wp.euroliaortho.com\/index.php\/wp-json\/wp\/v2\/types\/page"}],"author":[{"embeddable":true,"href":"https:\/\/wp.euroliaortho.com\/index.php\/wp-json\/wp\/v2\/users\/1"}],"replies":[{"embeddable":true,"href":"https:\/\/wp.euroliaortho.com\/index.php\/wp-json\/wp\/v2\/comments?post=153"}],"version-history":[{"count":10,"href":"https:\/\/wp.euroliaortho.com\/index.php\/wp-json\/wp\/v2\/pages\/153\/revisions"}],"predecessor-version":[{"id":677,"href":"https:\/\/wp.euroliaortho.com\/index.php\/wp-json\/wp\/v2\/pages\/153\/revisions\/677"}],"wp:attachment":[{"href":"https:\/\/wp.euroliaortho.com\/index.php\/wp-json\/wp\/v2\/media?parent=153"}],"curies":[{"name":"wp","href":"https:\/\/api.w.org\/{rel}","templated":true}]}}