{"id":143,"date":"2021-06-15T10:32:53","date_gmt":"2021-06-15T08:32:53","guid":{"rendered":"http:\/\/wp.euroliaortho.com\/?page_id=143"},"modified":"2021-08-31T10:53:41","modified_gmt":"2021-08-31T08:53:41","slug":"solutions","status":"publish","type":"page","link":"https:\/\/wp.euroliaortho.com\/index.php\/solutions\/","title":{"rendered":"Solutions"},"content":{"rendered":"\n<div class=\"wp-block-nextend-smartslider3\"><\/div>\n\n\n\n<p><\/p>\n\n\n\n<p>Notre savoir-faire, ainsi que la qualit\u00e9 des solutions que nous concevons, sont \u00e0 l\u2019origine de notre gamme de produits, couvrant les besoins quotidiens des praticiens.<\/p>\n\n\n\n<p>La collaboration technique, entre les praticiens partenaires et nos ing\u00e9nieurs, nous met dans les meilleures conditions pour offrir des produits sur mesure, parfaitement adapt\u00e9s \u00e0 votre pratique. L\u2019optimisation, la modernit\u00e9 du fonctionnement de l\u2019entreprise, et la ma\u00eetrise des co\u00fbts de production, nous permettent de vous proposer des produits exceptionnels, \u00e0 des prix adapt\u00e9s.<\/p>\n","protected":false},"excerpt":{"rendered":"<p>Notre savoir-faire, ainsi que la qualit\u00e9 des solutions que nous concevons, sont \u00e0 l\u2019origine de notre gamme de produits, couvrant les besoins quotidiens des praticiens. La collaboration technique, entre les praticiens partenaires et nos ing\u00e9nieurs, nous met dans les meilleures conditions pour offrir des produits sur mesure, parfaitement adapt\u00e9s \u00e0 votre pratique. L\u2019optimisation, la modernit\u00e9 [&hellip;]<\/p>\n","protected":false},"author":1,"featured_media":0,"parent":0,"menu_order":0,"comment_status":"closed","ping_status":"closed","template":"","meta":{"_uf_show_specific_survey":0,"_uf_disable_surveys":false,"footnotes":""},"class_list":["post-143","page","type-page","status-publish","hentry"],"aioseo_notices":[],"_links":{"self":[{"href":"https:\/\/wp.euroliaortho.com\/index.php\/wp-json\/wp\/v2\/pages\/143","targetHints":{"allow":["GET"]}}],"collection":[{"href":"https:\/\/wp.euroliaortho.com\/index.php\/wp-json\/wp\/v2\/pages"}],"about":[{"href":"https:\/\/wp.euroliaortho.com\/index.php\/wp-json\/wp\/v2\/types\/page"}],"author":[{"embeddable":true,"href":"https:\/\/wp.euroliaortho.com\/index.php\/wp-json\/wp\/v2\/users\/1"}],"replies":[{"embeddable":true,"href":"https:\/\/wp.euroliaortho.com\/index.php\/wp-json\/wp\/v2\/comments?post=143"}],"version-history":[{"count":37,"href":"https:\/\/wp.euroliaortho.com\/index.php\/wp-json\/wp\/v2\/pages\/143\/revisions"}],"predecessor-version":[{"id":634,"href":"https:\/\/wp.euroliaortho.com\/index.php\/wp-json\/wp\/v2\/pages\/143\/revisions\/634"}],"wp:attachment":[{"href":"https:\/\/wp.euroliaortho.com\/index.php\/wp-json\/wp\/v2\/media?parent=143"}],"curies":[{"name":"wp","href":"https:\/\/api.w.org\/{rel}","templated":true}]}}